{"id":14,"date":"2019-07-02T15:52:41","date_gmt":"2019-07-02T18:52:41","guid":{"rendered":"https:\/\/lightblue-hornet-318470.hostingersite.com\/site\/?page_id=14"},"modified":"2019-07-31T04:10:52","modified_gmt":"2019-07-31T07:10:52","slug":"fibra-optica","status":"publish","type":"page","link":"https:\/\/acessotelecomunicacoes.com.br\/?page_id=14","title":{"rendered":"Fibra \u00d3ptica"},"content":{"rendered":"\n<h2 class=\"wp-block-heading\" style=\"text-align:center\">O que \u00e9?<\/h2>\n\n\n\n<p>A Acesso Telecomunica\u00e7\u00f5es \u00e9 uma empresa de internet banda larga que est\u00e1 no mercado h\u00e1 mais de 15 anos, para oferecer internet de qualidade, utilizando a mais avan\u00e7ada conex\u00e3o por fibra \u00f3ptica e a melhor seguran\u00e7a em tecnologia do mercado. Hoje atendemos tr\u00eas cidades em Pernambuco, como Ipojuca.<\/p>\n","protected":false},"excerpt":{"rendered":"<p>O que \u00e9? A Acesso Telecomunica\u00e7\u00f5es \u00e9 uma empresa de internet banda larga que est\u00e1 no mercado h\u00e1 mais de [&hellip;]<\/p>\n","protected":false},"author":1,"featured_media":0,"parent":0,"menu_order":0,"comment_status":"closed","ping_status":"closed","template":"fibra.php","meta":{"footnotes":""},"class_list":["post-14","page","type-page","status-publish","hentry"],"_links":{"self":[{"href":"https:\/\/acessotelecomunicacoes.com.br\/index.php?rest_route=\/wp\/v2\/pages\/14","targetHints":{"allow":["GET"]}}],"collection":[{"href":"https:\/\/acessotelecomunicacoes.com.br\/index.php?rest_route=\/wp\/v2\/pages"}],"about":[{"href":"https:\/\/acessotelecomunicacoes.com.br\/index.php?rest_route=\/wp\/v2\/types\/page"}],"author":[{"embeddable":true,"href":"https:\/\/acessotelecomunicacoes.com.br\/index.php?rest_route=\/wp\/v2\/users\/1"}],"replies":[{"embeddable":true,"href":"https:\/\/acessotelecomunicacoes.com.br\/index.php?rest_route=%2Fwp%2Fv2%2Fcomments&post=14"}],"version-history":[{"count":11,"href":"https:\/\/acessotelecomunicacoes.com.br\/index.php?rest_route=\/wp\/v2\/pages\/14\/revisions"}],"predecessor-version":[{"id":212,"href":"https:\/\/acessotelecomunicacoes.com.br\/index.php?rest_route=\/wp\/v2\/pages\/14\/revisions\/212"}],"wp:attachment":[{"href":"https:\/\/acessotelecomunicacoes.com.br\/index.php?rest_route=%2Fwp%2Fv2%2Fmedia&parent=14"}],"curies":[{"name":"wp","href":"https:\/\/api.w.org\/{rel}","templated":true}]}}